{"id":15,"date":"2024-04-08T16:15:29","date_gmt":"2024-04-08T14:15:29","guid":{"rendered":"https:\/\/disfarce.net\/?page_id=15"},"modified":"2024-04-08T16:15:29","modified_gmt":"2024-04-08T14:15:29","slug":"under-construction-en-construction","status":"publish","type":"page","link":"https:\/\/disfarce.net\/","title":{"rendered":"under construction &#8211; en construction"},"content":{"rendered":"<style>.kb-row-layout-id15_f32467-97 > .kt-row-column-wrap{align-content:start;}:where(.kb-row-layout-id15_f32467-97 > .kt-row-column-wrap) > .wp-block-kadence-column{justify-content:start;}.kb-row-layout-id15_f32467-97 > .kt-row-column-wrap{column-gap:var(--global-kb-gap-md, 2rem);row-gap:var(--global-kb-gap-md, 2rem);padding-top:var(--global-kb-spacing-sm, 1.5rem);padding-bottom:var(--global-kb-spacing-sm, 1.5rem);grid-template-columns:minmax(0, 1fr);}.kb-row-layout-id15_f32467-97 > .kt-row-layout-overlay{opacity:0.30;}@media all and (max-width: 1024px){.kb-row-layout-id15_f32467-97 > .kt-row-column-wrap{grid-template-columns:minmax(0, 1fr);}}@media all and (max-width: 767px){.kb-row-layout-id15_f32467-97 > .kt-row-column-wrap{grid-template-columns:minmax(0, 1fr);}}<\/style><div class=\"kb-row-layout-wrap kb-row-layout-id15_f32467-97 alignnone wp-block-kadence-rowlayout\"><div class=\"kt-row-column-wrap kt-has-1-columns kt-row-layout-equal kt-tab-layout-inherit kt-mobile-layout-row kt-row-valign-top\">\n<style>.kadence-column15_211241-83 > .kt-inside-inner-col,.kadence-column15_211241-83 > .kt-inside-inner-col:before{border-top-left-radius:0px;border-top-right-radius:0px;border-bottom-right-radius:0px;border-bottom-left-radius:0px;}.kadence-column15_211241-83 > .kt-inside-inner-col{column-gap:var(--global-kb-gap-sm, 1rem);}.kadence-column15_211241-83 > .kt-inside-inner-col{flex-direction:column;}.kadence-column15_211241-83 > .kt-inside-inner-col > .aligncenter{width:100%;}.kadence-column15_211241-83 > .kt-inside-inner-col:before{opacity:0.3;}.kadence-column15_211241-83{position:relative;}@media all and (max-width: 1024px){.kadence-column15_211241-83 > .kt-inside-inner-col{flex-direction:column;justify-content:center;}}@media all and (max-width: 767px){.kadence-column15_211241-83 > .kt-inside-inner-col{flex-direction:column;justify-content:center;}}<\/style>\n<div class=\"wp-block-kadence-column kadence-column15_211241-83\"><div class=\"kt-inside-inner-col\">\n<p class=\"has-text-align-center has-large-font-size\"><strong>The site is under construction,<br>but we&rsquo;re working hard to bring you a top-notch experience.<br>Come back soon to discover what we&rsquo;ve prepared for you!<\/strong><\/p>\n\n\n\n<p class=\"has-text-align-center has-large-font-size\">See you soon!<\/p>\n\n\n\n<p class=\"has-text-align-center\">The <a href=\"https:\/\/iav.lu\/\" target=\"_blank\" rel=\"noreferrer noopener\">IAV S\u00e0rl<\/a> team<\/p>\n<\/div><\/div>\n\n<\/div><\/div>\n\n<style>.wp-block-kadence-spacer.kt-block-spacer-15_dd7788-f6 .kt-block-spacer{height:60px;}.wp-block-kadence-spacer.kt-block-spacer-15_dd7788-f6 .kt-divider{border-top-width:1px;height:1px;border-top-color:var(--global-palette3, #1A202C);width:80%;border-top-style:solid;}<\/style>\n<div class=\"wp-block-kadence-spacer aligncenter kt-block-spacer-15_dd7788-f6\"><div class=\"kt-block-spacer kt-block-spacer-halign-center\"><hr class=\"kt-divider\"\/><\/div><\/div>\n\n\n<style>.kb-row-layout-id15_6a0e2b-d5 > .kt-row-column-wrap{align-content:start;}:where(.kb-row-layout-id15_6a0e2b-d5 > .kt-row-column-wrap) > .wp-block-kadence-column{justify-content:start;}.kb-row-layout-id15_6a0e2b-d5 > .kt-row-column-wrap{column-gap:var(--global-kb-gap-md, 2rem);row-gap:var(--global-kb-gap-md, 2rem);padding-top:var(--global-kb-spacing-sm, 1.5rem);padding-bottom:var(--global-kb-spacing-sm, 1.5rem);grid-template-columns:minmax(0, 1fr);}.kb-row-layout-id15_6a0e2b-d5 > .kt-row-layout-overlay{opacity:0.30;}@media all and (max-width: 1024px){.kb-row-layout-id15_6a0e2b-d5 > .kt-row-column-wrap{grid-template-columns:minmax(0, 1fr);}}@media all and (max-width: 767px){.kb-row-layout-id15_6a0e2b-d5 > .kt-row-column-wrap{grid-template-columns:minmax(0, 1fr);}}<\/style><div class=\"kb-row-layout-wrap kb-row-layout-id15_6a0e2b-d5 alignnone wp-block-kadence-rowlayout\"><div class=\"kt-row-column-wrap kt-has-1-columns kt-row-layout-equal kt-tab-layout-inherit kt-mobile-layout-row kt-row-valign-top\">\n<style>.kadence-column15_65f5c6-d2 > .kt-inside-inner-col,.kadence-column15_65f5c6-d2 > .kt-inside-inner-col:before{border-top-left-radius:0px;border-top-right-radius:0px;border-bottom-right-radius:0px;border-bottom-left-radius:0px;}.kadence-column15_65f5c6-d2 > .kt-inside-inner-col{column-gap:var(--global-kb-gap-sm, 1rem);}.kadence-column15_65f5c6-d2 > .kt-inside-inner-col{flex-direction:column;}.kadence-column15_65f5c6-d2 > .kt-inside-inner-col > .aligncenter{width:100%;}.kadence-column15_65f5c6-d2 > .kt-inside-inner-col:before{opacity:0.3;}.kadence-column15_65f5c6-d2{position:relative;}@media all and (max-width: 1024px){.kadence-column15_65f5c6-d2 > .kt-inside-inner-col{flex-direction:column;justify-content:center;}}@media all and (max-width: 767px){.kadence-column15_65f5c6-d2 > .kt-inside-inner-col{flex-direction:column;justify-content:center;}}<\/style>\n<div class=\"wp-block-kadence-column kadence-column15_65f5c6-d2\"><div class=\"kt-inside-inner-col\">\n<p class=\"has-text-align-center has-large-font-size\"><strong>Le site est en construction,<br>mais on travaille dur pour vous offrir une exp\u00e9rience au top.<br>Revenez bient\u00f4t pour d\u00e9couvrir ce qu&rsquo;on vous a pr\u00e9par\u00e9 !<\/strong><\/p>\n\n\n\n<p class=\"has-text-align-center has-large-font-size\">A tr\u00e8s vite !<\/p>\n\n\n\n<p class=\"has-text-align-center\">L&rsquo;\u00e9quipe de <a href=\"https:\/\/iav.lu\" target=\"_blank\" rel=\"noreferrer noopener\">IAV S\u00e0rl<\/a><\/p>\n<\/div><\/div>\n\n<\/div><\/div>","protected":false},"excerpt":{"rendered":"<p>The site is under construction,but we&rsquo;re working hard to bring you a top-notch experience.Come back soon to discover what we&rsquo;ve prepared for you! See you soon! The IAV S\u00e0rl team Le site est en construction,mais on travaille dur pour vous offrir une exp\u00e9rience au top.Revenez bient\u00f4t pour d\u00e9couvrir ce qu&rsquo;on vous a pr\u00e9par\u00e9 ! A&#8230;<\/p>\n","protected":false},"author":1,"featured_media":0,"parent":0,"menu_order":0,"comment_status":"closed","ping_status":"closed","template":"","meta":{"_kad_post_transparent":"","_kad_post_title":"","_kad_post_layout":"","_kad_post_sidebar_id":"","_kad_post_content_style":"","_kad_post_vertical_padding":"","_kad_post_feature":"","_kad_post_feature_position":"","_kad_post_header":false,"_kad_post_footer":false,"_kad_post_classname":"","footnotes":""},"class_list":["post-15","page","type-page","status-publish","hentry"],"_links":{"self":[{"href":"https:\/\/disfarce.net\/index.php?rest_route=\/wp\/v2\/pages\/15","targetHints":{"allow":["GET"]}}],"collection":[{"href":"https:\/\/disfarce.net\/index.php?rest_route=\/wp\/v2\/pages"}],"about":[{"href":"https:\/\/disfarce.net\/index.php?rest_route=\/wp\/v2\/types\/page"}],"author":[{"embeddable":true,"href":"https:\/\/disfarce.net\/index.php?rest_route=\/wp\/v2\/users\/1"}],"replies":[{"embeddable":true,"href":"https:\/\/disfarce.net\/index.php?rest_route=%2Fwp%2Fv2%2Fcomments&post=15"}],"version-history":[{"count":1,"href":"https:\/\/disfarce.net\/index.php?rest_route=\/wp\/v2\/pages\/15\/revisions"}],"predecessor-version":[{"id":16,"href":"https:\/\/disfarce.net\/index.php?rest_route=\/wp\/v2\/pages\/15\/revisions\/16"}],"wp:attachment":[{"href":"https:\/\/disfarce.net\/index.php?rest_route=%2Fwp%2Fv2%2Fmedia&parent=15"}],"curies":[{"name":"wp","href":"https:\/\/api.w.org\/{rel}","templated":true}]}}